{"id":3263,"date":"2020-05-25T16:38:59","date_gmt":"2020-05-25T14:38:59","guid":{"rendered":"https:\/\/www.yammi.dk\/takeaway\/?page_id=3263"},"modified":"2023-11-22T17:43:27","modified_gmt":"2023-11-22T16:43:27","slug":"faa-din-restaurant-paa-yammi-dk","status":"publish","type":"page","link":"https:\/\/www.yammi.dk\/takeaway\/faa-din-restaurant-paa-yammi-dk\/","title":{"rendered":"F\u00e5 din restaurant p\u00e5 Yammi.dk"},"content":{"rendered":"<div class=\"wpb-content-wrapper\"><p>[vc_row wrap_container=&#8221;yes&#8221;][vc_column offset=&#8221;vc_col-md-10 vc_col-xs-12&#8243;]<div class=\"porto-u-heading  wpb_custom_95aa9a11c17ad45cfabaf210d84ee7cc porto-u-8085 \" data-appear-animation=\"maskUp\" data-appear-animation-delay=\"100\"><div class=\"porto-u-main-heading\"><h2   style=\"font-weight:700;font-size:32px;line-height:42px;\">Bliv en del af Yammi-f\u00e6llesskabet<\/h2><\/div><style>.porto-u-8085.porto-u-heading{text-align:left}<\/style><\/div>[\/vc_column][vc_column offset=&#8221;vc_col-md-2 vc_col-xs-12&#8243;][\/vc_column][\/vc_row][vc_row wrap_container=&#8221;yes&#8221;][vc_column][vc_separator color=&#8221;custom&#8221; gap=&#8221;tall&#8221; gradient=&#8221;yes&#8221;][\/vc_column][\/vc_row][vc_row][vc_column][vc_column_text]<\/p>\n<h2 class=\"section__title\">Bliv restaurant-partner hos Yammi og f\u00e5 flere kunder fra dit kvarter.<\/h2>\n<p class=\"section__sub-title\">Yammi er Danmarks st\u00f8rste og mest popul\u00e6re online takeaway-platform. N\u00e5r du er en del af Yammi-f\u00e6llesskabet, f\u00e5r du flere kunder, m\u00e5lrettet marketing, den nyeste teknologi og dedikeret kundeservice. Dine kunder kan bestille online med f\u00e5 klik, og betalingen klares hurtigt, nemt og sikkert.<\/p>\n<p>[\/vc_column_text][\/vc_column][\/vc_row][vc_row][vc_column][vc_column_text]<\/p>\n<h4>S\u00e5 nemt kommer du i gang<\/h4>\n<p>[\/vc_column_text][\/vc_column][\/vc_row][vc_row wrap_container=&#8221;yes&#8221;][vc_column width=&#8221;1\/2&#8243; animation_delay=&#8221;700&#8243; offset=&#8221;vc_col-md-4&#8243; animation_type=&#8221;fadeInLeft&#8221;]<div class=\"porto-sicon-box  vc_custom_1590439106348 mt-3 mb-5  wpb_custom_1efe903570d178ff0a9b7bfa5febd3a4 style_1 top-icon\"><div class=\"porto-sicon-top\"><div id=\"porto-icon-83969825669fc7e1c03e32\" class=\"porto-just-icon-wrapper porto-sicon-img  porto-u-circle\" style=\"background:#f7f7f7;font-size: 75px;\"><img loading=\"lazy\" decoding=\"async\" class=\"img-icon\" alt=\"\" src=\"https:\/\/www.yammi.dk\/takeaway\/wp-content\/uploads\/2020\/05\/1.png\" width=\"636\" height=\"636\" \/><\/div><\/div><div class=\"porto-sicon-header\"><h3 class=\"porto-sicon-title\" style=\"font-weight:700;font-size:18px;line-height:30px;\">Bliv en del af Yammi-f\u00e6llesskabet<\/h3><p>Ring til os, og bliv en del af Yammi - det tager kun f\u00e5 minutter.<\/p><\/div> <!-- header --><\/div><!-- porto-sicon-box -->[\/vc_column][vc_column width=&#8221;1\/2&#8243; animation_delay=&#8221;900&#8243; offset=&#8221;vc_col-md-4&#8243; animation_type=&#8221;fadeInLeft&#8221;]<div class=\"porto-sicon-box  vc_custom_1590439143255 mt-3 mb-5  wpb_custom_1efe903570d178ff0a9b7bfa5febd3a4 style_1 top-icon\"><div class=\"porto-sicon-top\"><div id=\"porto-icon-6129274469fc7e1c04161\" class=\"porto-just-icon-wrapper porto-sicon-img  porto-u-circle\" style=\"background:#f7f7f7;font-size: 75px;\"><img loading=\"lazy\" decoding=\"async\" class=\"img-icon\" alt=\"\" src=\"https:\/\/www.yammi.dk\/takeaway\/wp-content\/uploads\/2020\/05\/2.png\" width=\"636\" height=\"636\" \/><\/div><\/div><div class=\"porto-sicon-header\"><h3 class=\"porto-sicon-title\" style=\"font-weight:700;font-size:18px;line-height:30px;\">Velkomstpakke<\/h3><p>Du modtager en velkomstpakke med posten, der indeholder din nye Yammi boks og andre Yammi-godter til at f\u00e5 dig godt i gang.<\/p><\/div> <!-- header --><\/div><!-- porto-sicon-box -->[\/vc_column][vc_column width=&#8221;1\/2&#8243; animation_delay=&#8221;1100&#8243; offset=&#8221;vc_col-md-4&#8243; animation_type=&#8221;fadeInLeft&#8221;]<div class=\"porto-sicon-box  vc_custom_1590439162564 mt-3 mb-5  wpb_custom_1efe903570d178ff0a9b7bfa5febd3a4 style_1 top-icon\"><div class=\"porto-sicon-top\"><div id=\"porto-icon-194170525569fc7e1c04485\" class=\"porto-just-icon-wrapper porto-sicon-img  porto-u-circle\" style=\"background:#f7f7f7;font-size: 75px;\"><img loading=\"lazy\" decoding=\"async\" class=\"img-icon\" alt=\"\" src=\"https:\/\/www.yammi.dk\/takeaway\/wp-content\/uploads\/2020\/05\/3.png\" width=\"636\" height=\"636\" \/><\/div><\/div><div class=\"porto-sicon-header\"><h3 class=\"porto-sicon-title\" style=\"font-weight:700;font-size:18px;line-height:30px;\">Kom i gang<\/h3><p>S\u00e5 er du klar til at komme i gang. Vi ringer til dig, n\u00e5r du f\u00e5r din f\u00f8rste bestilling.<\/p><\/div> <!-- header --><\/div><!-- porto-sicon-box -->[\/vc_column][\/vc_row][vc_row wrap_container=&#8221;yes&#8221;][vc_column][vc_separator color=&#8221;custom&#8221; gap=&#8221;tall&#8221; gradient=&#8221;yes&#8221;][\/vc_column][\/vc_row][vc_row][vc_column][vc_column_text]<\/p>\n<h4>S\u00e5 mange fordele har du hos Yammi<\/h4>\n<p>[\/vc_column_text][\/vc_column][\/vc_row][vc_row wrap_container=&#8221;yes&#8221;][vc_column width=&#8221;1\/2&#8243; animation_delay=&#8221;700&#8243; offset=&#8221;vc_col-md-4&#8243; animation_type=&#8221;fadeInLeft&#8221;]<div class=\"porto-sicon-box  vc_custom_1590440012651 mt-3 mb-5  wpb_custom_1efe903570d178ff0a9b7bfa5febd3a4 style_1 top-icon\"><div class=\"porto-sicon-top\"><div class=\"porto-just-icon-wrapper porto-icon advanced\" style=\"color:#f75d34;background:#f7f7f7;width:75px;height:75px;line-height:75px;border-radius:500px;font-size:50px;\"><i class=\"fas fa-concierge-bell\"><\/i><\/div><\/div><div class=\"porto-sicon-header\"><h3 class=\"porto-sicon-title\" style=\"font-weight:700;font-size:18px;line-height:30px;\">Sultne kunder bruger Yammi - hver m\u00e5ned<\/h3><\/div> <!-- header --><\/div><!-- porto-sicon-box -->[\/vc_column][vc_column width=&#8221;1\/2&#8243; animation_delay=&#8221;900&#8243; offset=&#8221;vc_col-md-4&#8243; animation_type=&#8221;fadeInLeft&#8221;]<div class=\"porto-sicon-box  vc_custom_1590440050303 mt-3 mb-5  wpb_custom_1efe903570d178ff0a9b7bfa5febd3a4 style_1 top-icon\"><div class=\"porto-sicon-top\"><div class=\"porto-just-icon-wrapper porto-icon advanced\" style=\"color:#ffffff;background:#f75d34;width:75px;height:75px;line-height:75px;border-radius:500px;font-size:50px;\"><i class=\"fas fa-mobile\"><\/i><\/div><\/div><div class=\"porto-sicon-header\"><h3 class=\"porto-sicon-title\" style=\"font-weight:700;font-size:18px;line-height:30px;\">Kunder bestiller<\/h3><\/div> <!-- header --><\/div><!-- porto-sicon-box -->[\/vc_column][vc_column width=&#8221;1\/2&#8243; animation_delay=&#8221;1100&#8243; offset=&#8221;vc_col-md-4&#8243; animation_type=&#8221;fadeInLeft&#8221;]<div class=\"porto-sicon-box  vc_custom_1590440156033 mt-3 mb-5  wpb_custom_1efe903570d178ff0a9b7bfa5febd3a4 style_1 top-icon\"><div class=\"porto-sicon-top\"><div class=\"porto-just-icon-wrapper porto-icon advanced\" style=\"color:#f75d34;background:#f7f7f7;width:75px;height:75px;line-height:75px;border-radius:500px;font-size:50px;\"><i class=\"fas fa-hand-holding-usd\"><\/i><\/div><\/div><div class=\"porto-sicon-header\"><h3 class=\"porto-sicon-title\" style=\"font-weight:700;font-size:18px;line-height:30px;\">Daglige besparelser<\/h3><\/div> <!-- header --><\/div><!-- porto-sicon-box -->[\/vc_column][\/vc_row][vc_row wrap_container=&#8221;yes&#8221;][vc_column][vc_separator color=&#8221;custom&#8221; gap=&#8221;tall&#8221; gradient=&#8221;yes&#8221;][\/vc_column][\/vc_row][vc_row wrap_container=&#8221;yes&#8221;][vc_column][vc_row_inner animation_delay=&#8221;100&#8243; el_class=&#8221;align-items-center&#8221; animation_type=&#8221;fadeInRight&#8221;][vc_column_inner width=&#8221;1\/3&#8243;][vc_single_image image=&#8221;1737&#8243; img_size=&#8221;full&#8221; el_class=&#8221;mt-4&#8243;][\/vc_column_inner][vc_column_inner width=&#8221;2\/3&#8243;]<div class=\"porto-u-heading  wpb_custom_95aa9a11c17ad45cfabaf210d84ee7cc porto-u-5761 \"><div class=\"porto-u-main-heading\"><h2   style=\"margin-bottom: 20px;font-size:25px;\"><b>Vi hj\u00e6lper med Menu<\/b> ops\u00e6tning p\u00e5 Yammi.dk<\/h2><\/div><div class=\"porto-u-sub-heading\" style=\"font-size:16.8px;line-height:26px;\">There are so many styles you can combine that is possible to create almost any kind of layout based on Porto Template, navigate in our preview and see the header variations, the colors, and the page content types that you will be able to use.<\/div><style>.porto-u-5761.porto-u-heading{text-align:left}<\/style><\/div>[vc_column_text]Lorem ipsum dolor sit amet, consectetur adipiscing elit. Curabitur imperdiet hendrerit volutpat. Sed in nunc nec ligula consectetur mollis in vel justo. Vestibulum ante ipsum primis in faucibus orci.[\/vc_column_text][\/vc_column_inner][\/vc_row_inner][vc_separator color=&#8221;custom&#8221; gap=&#8221;tall&#8221; gradient=&#8221;yes&#8221;][vc_row_inner animation_delay=&#8221;100&#8243; el_class=&#8221;align-items-center&#8221; animation_type=&#8221;fadeInLeft&#8221;][vc_column_inner el_class=&#8221;order-md-2&#8243; width=&#8221;1\/3&#8243;][vc_single_image image=&#8221;1741&#8243; img_size=&#8221;full&#8221; el_class=&#8221;mt-4&#8243;][\/vc_column_inner][vc_column_inner width=&#8221;2\/3&#8243;]<div class=\"porto-u-heading  wpb_custom_95aa9a11c17ad45cfabaf210d84ee7cc porto-u-7486 \"><div class=\"porto-u-main-heading\"><h2   style=\"margin-bottom: 20px;font-size:25px;\"><b>Du f\u00e5r din Egen<\/b> Chauff\u00f8r og Restaurant App<\/h2><\/div><div class=\"porto-u-sub-heading\" style=\"font-size:16.8px;line-height:26px;\">With our exlusive Style Switcher you will be able to choose any color you want for your website, choose the layout style (wide \/ boxed), website type (one page \/ normal), then generate the css that will be compiled by a {less} proccessor.<\/div><style>.porto-u-7486.porto-u-heading{text-align:left}<\/style><\/div>[vc_column_text]Lorem ipsum dolor sit amet, consectetur adipiscing elit. Curabitur imperdiet hendrerit volutpat. Sed in nunc nec ligula consectetur mollis in vel justo. Vestibulum ante ipsum primis in faucibus orci.[\/vc_column_text][\/vc_column_inner][\/vc_row_inner][\/vc_column][\/vc_row][vc_row wrap_container=&#8221;yes&#8221;][vc_column][vc_separator color=&#8221;custom&#8221; gap=&#8221;tall&#8221; gradient=&#8221;yes&#8221;][\/vc_column][\/vc_row][vc_row wrap_container=&#8221;yes&#8221; css=&#8221;.vc_custom_1543831165088{padding-top: 80px !important;padding-bottom: 60px !important;}&#8221;][vc_column]<h2 class=\"word-rotator slide short m-b-sm\" style=\"font-size:32px;text-align:center;\" data-plugin-options=\"{'waittime': 2500, 'pauseOnHover': false}\"><span class=\"word-rotate-prefix\" style=\"font-weight:700;font-size:32px !important;\">We&#039;re not the only ones<\/span> <span class=\"word-rotator-items\" style=\"font-family:&#039;Open Sans&#039;;font-weight:900;\"><b class=\"active\">happy<\/b><b>excited<\/b><\/span> <span class=\"word-rotate-suffix\" style=\"font-weight:700;font-size:32px !important;\">about Porto Template...<\/span><\/h2>[vc_custom_heading text=&#8221;30,000 customers in 100 countries use Porto Template. Meet our customers.&#8221; font_container=&#8221;tag:h4|font_size:16.8|text_align:center|line_height:1&#8243; use_theme_fonts=&#8221;yes&#8221; skin=&#8221;primary&#8221; el_class=&#8221;m-b-xl font-weight-light text-uppercase&#8221; css=&#8221;.vc_custom_1543831171994{margin-bottom: 60px !important;}&#8221;]<div class=\"porto-carousel owl-carousel has-ccols ccols-xl-7 ccols-lg-5 ccols-md-3 ccols-sm-3 ccols-1 carousel-center-active-item wpb_custom_c86c2fb53cae9eced42d4b8900a042f3\" data-plugin-options=\"{&quot;themeConfig&quot;:true,&quot;stagePadding&quot;:0,&quot;margin&quot;:0,&quot;autoplay&quot;:&quot;yes&quot;,&quot;mouseDrag&quot;:true,&quot;touchDrag&quot;:true,&quot;autoplayTimeout&quot;:5000,&quot;autoplayHoverPause&quot;:false,&quot;items&quot;:7,&quot;xl&quot;:7,&quot;lg&quot;:5,&quot;md&quot;:3,&quot;sm&quot;:3,&quot;xs&quot;:1,&quot;nav&quot;:false,&quot;dots&quot;:false,&quot;animateIn&quot;:&quot;&quot;,&quot;animateOut&quot;:&quot;&quot;,&quot;loop&quot;:&quot;yes&quot;,&quot;center&quot;:&quot;yes&quot;,&quot;video&quot;:false,&quot;lazyLoad&quot;:false,&quot;fullscreen&quot;:false}\">[vc_single_image source=&#8221;external_link&#8221; alignment=&#8221;center&#8221; onclick=&#8221;custom_link&#8221; custom_src=&#8221;\/\/sw-themes.com\/porto_dummy\/wp-content\/uploads\/images\/logo-1.png&#8221; link=&#8221;#&#8221;][vc_single_image source=&#8221;external_link&#8221; alignment=&#8221;center&#8221; onclick=&#8221;custom_link&#8221; custom_src=&#8221;\/\/sw-themes.com\/porto_dummy\/wp-content\/uploads\/images\/logo-2.png&#8221; link=&#8221;#&#8221;][vc_single_image source=&#8221;external_link&#8221; alignment=&#8221;center&#8221; onclick=&#8221;custom_link&#8221; custom_src=&#8221;\/\/sw-themes.com\/porto_dummy\/wp-content\/uploads\/images\/logo-3.png&#8221; link=&#8221;#&#8221;][vc_single_image source=&#8221;external_link&#8221; alignment=&#8221;center&#8221; onclick=&#8221;custom_link&#8221; custom_src=&#8221;\/\/sw-themes.com\/porto_dummy\/wp-content\/uploads\/images\/logo-4.png&#8221; link=&#8221;#&#8221;][vc_single_image source=&#8221;external_link&#8221; alignment=&#8221;center&#8221; onclick=&#8221;custom_link&#8221; custom_src=&#8221;\/\/sw-themes.com\/porto_dummy\/wp-content\/uploads\/images\/logo-5.png&#8221; link=&#8221;#&#8221;][vc_single_image source=&#8221;external_link&#8221; alignment=&#8221;center&#8221; onclick=&#8221;custom_link&#8221; custom_src=&#8221;\/\/sw-themes.com\/porto_dummy\/wp-content\/uploads\/images\/logo-6.png&#8221; link=&#8221;#&#8221;][vc_single_image source=&#8221;external_link&#8221; alignment=&#8221;center&#8221; onclick=&#8221;custom_link&#8221; custom_src=&#8221;\/\/sw-themes.com\/porto_dummy\/wp-content\/uploads\/images\/logo-1.png&#8221; link=&#8221;#&#8221;][vc_single_image source=&#8221;external_link&#8221; alignment=&#8221;center&#8221; onclick=&#8221;custom_link&#8221; custom_src=&#8221;\/\/sw-themes.com\/porto_dummy\/wp-content\/uploads\/images\/logo-2.png&#8221; link=&#8221;#&#8221;][vc_single_image source=&#8221;external_link&#8221; alignment=&#8221;center&#8221; onclick=&#8221;custom_link&#8221; custom_src=&#8221;\/\/sw-themes.com\/porto_dummy\/wp-content\/uploads\/images\/logo-3.png&#8221; link=&#8221;#&#8221;][vc_single_image source=&#8221;external_link&#8221; alignment=&#8221;center&#8221; onclick=&#8221;custom_link&#8221; custom_src=&#8221;\/\/sw-themes.com\/porto_dummy\/wp-content\/uploads\/images\/logo-4.png&#8221; link=&#8221;#&#8221;][vc_single_image source=&#8221;external_link&#8221; alignment=&#8221;center&#8221; onclick=&#8221;custom_link&#8221; custom_src=&#8221;\/\/sw-themes.com\/porto_dummy\/wp-content\/uploads\/images\/logo-5.png&#8221; link=&#8221;#&#8221;][vc_single_image source=&#8221;external_link&#8221; alignment=&#8221;center&#8221; onclick=&#8221;custom_link&#8221; custom_src=&#8221;\/\/sw-themes.com\/porto_dummy\/wp-content\/uploads\/images\/logo-6.png&#8221; link=&#8221;#&#8221;]<\/div>[\/vc_column][\/vc_row][vc_row wrap_container=&#8221;yes&#8221; el_class=&#8221;call-to-action-in-footer&#8221; css=&#8221;.vc_custom_1543831055944{padding-top: 100px !important;padding-bottom: 100px !important;background-color: #f7f7f7 !important;}&#8221;][vc_column][vc_cta h2=&#8221;Tilmeld <b>din restaurant <\/b>nu p\u00e5 <b>Yammi.dk<\/b>&#8221; txt_align=&#8221;center&#8221; shape=&#8221;square&#8221; style=&#8221;flat&#8221; color=&#8221;white&#8221; add_button=&#8221;right&#8221; btn_title=&#8221;Tilmeld Restaurant&#8221; btn_style=&#8221;modern&#8221; btn_color=&#8221;primary&#8221; btn_size=&#8221;lg&#8221; btn_align=&#8221;center&#8221; btn_skin=&#8221;dark&#8221; btn_show_arrow=&#8221;yes&#8221; btn_el_class=&#8221;btn-call-to-action&#8221; css=&#8221;.vc_custom_1590440566783{background-color: #f7f7f7 !important;}&#8221; el_class=&#8221;mb-0&#8243;]The Best Selling Woocommerce Theme on ThemeForest[\/vc_cta][\/vc_column][\/vc_row]<\/p>\n<\/div>","protected":false},"excerpt":{"rendered":"<p>[vc_row wrap_container=&#8221;yes&#8221;][vc_column offset=&#8221;vc_col-md-10 vc_col-xs-12&#8243;][\/vc_column][vc_column offset=&#8221;vc_col-md-2 vc_col-xs-12&#8243;][\/vc_column][\/vc_row][vc_row wrap_container=&#8221;yes&#8221;][vc_column][vc_separator color=&#8221;custom&#8221; gap=&#8221;tall&#8221; gradient=&#8221;yes&#8221;][\/vc_column][\/vc_row][vc_row][vc_column][vc_column_text] Bliv restaurant-partner hos Yammi og f\u00e5 flere kunder fra dit kvarter. Yammi er Danmarks st\u00f8rste og mest popul\u00e6re online takeaway-platform. N\u00e5r du er en del af Yammi-f\u00e6llesskabet, f\u00e5r du flere kunder, m\u00e5lrettet marketing, den nyeste teknologi og dedikeret kundeservice. Dine kunder kan bestille online med [&hellip;]<\/p>\n","protected":false},"author":1,"featured_media":0,"parent":0,"menu_order":0,"comment_status":"closed","ping_status":"closed","template":"","meta":{"footnotes":""},"class_list":["post-3263","page","type-page","status-publish","hentry"],"yoast_head":"<!-- This site is optimized with the Yoast SEO plugin v23.7 - https:\/\/yoast.com\/wordpress\/plugins\/seo\/ -->\n<title>F\u00e5 din restaurant p\u00e5 Yammi.dk - Yammi Takeaway<\/title>\n<meta name=\"robots\" content=\"noindex, follow, max-snippet:-1, max-image-preview:large, max-video-preview:-1\" \/>\n<meta property=\"og:locale\" content=\"da_DK\" \/>\n<meta property=\"og:type\" content=\"article\" \/>\n<meta property=\"og:title\" content=\"F\u00e5 din restaurant p\u00e5 Yammi.dk - Yammi Takeaway\" \/>\n<meta property=\"og:description\" content=\"[vc_row wrap_container=&#8221;yes&#8221;][vc_column offset=&#8221;vc_col-md-10 vc_col-xs-12&#8243;][\/vc_column][vc_column offset=&#8221;vc_col-md-2 vc_col-xs-12&#8243;][\/vc_column][\/vc_row][vc_row wrap_container=&#8221;yes&#8221;][vc_column][vc_separator color=&#8221;custom&#8221; gap=&#8221;tall&#8221; gradient=&#8221;yes&#8221;][\/vc_column][\/vc_row][vc_row][vc_column][vc_column_text] Bliv restaurant-partner hos Yammi og f\u00e5 flere kunder fra dit kvarter. Yammi er Danmarks st\u00f8rste og mest popul\u00e6re online takeaway-platform. N\u00e5r du er en del af Yammi-f\u00e6llesskabet, f\u00e5r du flere kunder, m\u00e5lrettet marketing, den nyeste teknologi og dedikeret kundeservice. Dine kunder kan bestille online med [&hellip;]\" \/>\n<meta property=\"og:url\" content=\"https:\/\/www.yammi.dk\/takeaway\/faa-din-restaurant-paa-yammi-dk\/\" \/>\n<meta property=\"og:site_name\" content=\"Yammi Takeaway\" \/>\n<meta property=\"article:modified_time\" content=\"2023-11-22T16:43:27+00:00\" \/>\n<meta name=\"twitter:card\" content=\"summary_large_image\" \/>\n<meta name=\"twitter:label1\" content=\"Estimeret l\u00e6setid\" \/>\n\t<meta name=\"twitter:data1\" content=\"4 minutter\" \/>\n<script type=\"application\/ld+json\" class=\"yoast-schema-graph\">{\"@context\":\"https:\/\/schema.org\",\"@graph\":[{\"@type\":\"WebPage\",\"@id\":\"https:\/\/www.yammi.dk\/takeaway\/faa-din-restaurant-paa-yammi-dk\/\",\"url\":\"https:\/\/www.yammi.dk\/takeaway\/faa-din-restaurant-paa-yammi-dk\/\",\"name\":\"F\u00e5 din restaurant p\u00e5 Yammi.dk - Yammi Takeaway\",\"isPartOf\":{\"@id\":\"https:\/\/www.yammi.dk\/takeaway\/#website\"},\"datePublished\":\"2020-05-25T14:38:59+00:00\",\"dateModified\":\"2023-11-22T16:43:27+00:00\",\"breadcrumb\":{\"@id\":\"https:\/\/www.yammi.dk\/takeaway\/faa-din-restaurant-paa-yammi-dk\/#breadcrumb\"},\"inLanguage\":\"da-DK\",\"potentialAction\":[{\"@type\":\"ReadAction\",\"target\":[\"https:\/\/www.yammi.dk\/takeaway\/faa-din-restaurant-paa-yammi-dk\/\"]}]},{\"@type\":\"BreadcrumbList\",\"@id\":\"https:\/\/www.yammi.dk\/takeaway\/faa-din-restaurant-paa-yammi-dk\/#breadcrumb\",\"itemListElement\":[{\"@type\":\"ListItem\",\"position\":1,\"name\":\"Hjem\",\"item\":\"https:\/\/www.yammi.dk\/takeaway\/\"},{\"@type\":\"ListItem\",\"position\":2,\"name\":\"F\u00e5 din restaurant p\u00e5 Yammi.dk\"}]},{\"@type\":\"WebSite\",\"@id\":\"https:\/\/www.yammi.dk\/takeaway\/#website\",\"url\":\"https:\/\/www.yammi.dk\/takeaway\/\",\"name\":\"Yammi Takeaway\",\"description\":\"Yammi.dk - Bestil Take Away Mad - Pizza, Burger, Kebab, Sushi og mere\",\"potentialAction\":[{\"@type\":\"SearchAction\",\"target\":{\"@type\":\"EntryPoint\",\"urlTemplate\":\"https:\/\/www.yammi.dk\/takeaway\/?s={search_term_string}\"},\"query-input\":{\"@type\":\"PropertyValueSpecification\",\"valueRequired\":true,\"valueName\":\"search_term_string\"}}],\"inLanguage\":\"da-DK\"}]}<\/script>\n<!-- \/ Yoast SEO plugin. -->","yoast_head_json":{"title":"F\u00e5 din restaurant p\u00e5 Yammi.dk - Yammi Takeaway","robots":{"index":"noindex","follow":"follow","max-snippet":"max-snippet:-1","max-image-preview":"max-image-preview:large","max-video-preview":"max-video-preview:-1"},"og_locale":"da_DK","og_type":"article","og_title":"F\u00e5 din restaurant p\u00e5 Yammi.dk - Yammi Takeaway","og_description":"[vc_row wrap_container=&#8221;yes&#8221;][vc_column offset=&#8221;vc_col-md-10 vc_col-xs-12&#8243;][\/vc_column][vc_column offset=&#8221;vc_col-md-2 vc_col-xs-12&#8243;][\/vc_column][\/vc_row][vc_row wrap_container=&#8221;yes&#8221;][vc_column][vc_separator color=&#8221;custom&#8221; gap=&#8221;tall&#8221; gradient=&#8221;yes&#8221;][\/vc_column][\/vc_row][vc_row][vc_column][vc_column_text] Bliv restaurant-partner hos Yammi og f\u00e5 flere kunder fra dit kvarter. Yammi er Danmarks st\u00f8rste og mest popul\u00e6re online takeaway-platform. N\u00e5r du er en del af Yammi-f\u00e6llesskabet, f\u00e5r du flere kunder, m\u00e5lrettet marketing, den nyeste teknologi og dedikeret kundeservice. Dine kunder kan bestille online med [&hellip;]","og_url":"https:\/\/www.yammi.dk\/takeaway\/faa-din-restaurant-paa-yammi-dk\/","og_site_name":"Yammi Takeaway","article_modified_time":"2023-11-22T16:43:27+00:00","twitter_card":"summary_large_image","twitter_misc":{"Estimeret l\u00e6setid":"4 minutter"},"schema":{"@context":"https:\/\/schema.org","@graph":[{"@type":"WebPage","@id":"https:\/\/www.yammi.dk\/takeaway\/faa-din-restaurant-paa-yammi-dk\/","url":"https:\/\/www.yammi.dk\/takeaway\/faa-din-restaurant-paa-yammi-dk\/","name":"F\u00e5 din restaurant p\u00e5 Yammi.dk - Yammi Takeaway","isPartOf":{"@id":"https:\/\/www.yammi.dk\/takeaway\/#website"},"datePublished":"2020-05-25T14:38:59+00:00","dateModified":"2023-11-22T16:43:27+00:00","breadcrumb":{"@id":"https:\/\/www.yammi.dk\/takeaway\/faa-din-restaurant-paa-yammi-dk\/#breadcrumb"},"inLanguage":"da-DK","potentialAction":[{"@type":"ReadAction","target":["https:\/\/www.yammi.dk\/takeaway\/faa-din-restaurant-paa-yammi-dk\/"]}]},{"@type":"BreadcrumbList","@id":"https:\/\/www.yammi.dk\/takeaway\/faa-din-restaurant-paa-yammi-dk\/#breadcrumb","itemListElement":[{"@type":"ListItem","position":1,"name":"Hjem","item":"https:\/\/www.yammi.dk\/takeaway\/"},{"@type":"ListItem","position":2,"name":"F\u00e5 din restaurant p\u00e5 Yammi.dk"}]},{"@type":"WebSite","@id":"https:\/\/www.yammi.dk\/takeaway\/#website","url":"https:\/\/www.yammi.dk\/takeaway\/","name":"Yammi Takeaway","description":"Yammi.dk - Bestil Take Away Mad - Pizza, Burger, Kebab, Sushi og mere","potentialAction":[{"@type":"SearchAction","target":{"@type":"EntryPoint","urlTemplate":"https:\/\/www.yammi.dk\/takeaway\/?s={search_term_string}"},"query-input":{"@type":"PropertyValueSpecification","valueRequired":true,"valueName":"search_term_string"}}],"inLanguage":"da-DK"}]}},"_links":{"self":[{"href":"https:\/\/www.yammi.dk\/takeaway\/wp-json\/wp\/v2\/pages\/3263"}],"collection":[{"href":"https:\/\/www.yammi.dk\/takeaway\/wp-json\/wp\/v2\/pages"}],"about":[{"href":"https:\/\/www.yammi.dk\/takeaway\/wp-json\/wp\/v2\/types\/page"}],"author":[{"embeddable":true,"href":"https:\/\/www.yammi.dk\/takeaway\/wp-json\/wp\/v2\/users\/1"}],"replies":[{"embeddable":true,"href":"https:\/\/www.yammi.dk\/takeaway\/wp-json\/wp\/v2\/comments?post=3263"}],"version-history":[{"count":26,"href":"https:\/\/www.yammi.dk\/takeaway\/wp-json\/wp\/v2\/pages\/3263\/revisions"}],"predecessor-version":[{"id":3640,"href":"https:\/\/www.yammi.dk\/takeaway\/wp-json\/wp\/v2\/pages\/3263\/revisions\/3640"}],"wp:attachment":[{"href":"https:\/\/www.yammi.dk\/takeaway\/wp-json\/wp\/v2\/media?parent=3263"}],"curies":[{"name":"wp","href":"https:\/\/api.w.org\/{rel}","templated":true}]}}