{"id":3092,"date":"2020-05-24T13:40:32","date_gmt":"2020-05-24T11:40:32","guid":{"rendered":"https:\/\/www.yammi.dk\/takeaway\/?page_id=3092"},"modified":"2020-05-27T00:21:49","modified_gmt":"2020-05-26T22:21:49","slug":"sikker-betaling-paa-nettet","status":"publish","type":"page","link":"https:\/\/www.yammi.dk\/takeaway\/sikker-betaling-paa-nettet\/","title":{"rendered":"Sikker betaling p\u00e5 nettet"},"content":{"rendered":"<div class=\"wpb-content-wrapper\"><p>[vc_row][vc_column width=&#8221;1\/6&#8243;][\/vc_column][vc_column width=&#8221;2\/3&#8243;][vc_column_text]<\/p>\n<section class=\"static_page\">\n<h1>Sikker betaling<\/h1>\n<p>N\u00e5r du bestiller her p\u00e5 Yammi og \u00f8nsker at betale, s\u00e5 kan du trygt stole p\u00e5 at dine data behandles sikkert. Du kan frit v\u00e6lge mellem et stort udvalg af betalingsmetoder, hvad enten du er til betaling med kort, kontanter eller mobil. Vi tager imod VISA, MasterCard, MobilePay, GooglePay, PayPal, og kontanter.<\/p>\n<p>P\u00e5 betalingssteppet i bestillingsprocessen vil du blive viderestillet til udbyderen af den betalingsmetode du har valgt. Al kommunikation mellem dig og udbyderens server er krypteret og benytter SSL (Secure Socket Layer) til h\u00e5ndtering af dataoverf\u00f8rsel. Krypteringen sikrer, at der ikke kan forekomme aflytning af de information, du har tastet ind. Dette sikrer dig den st\u00f8rst mulige sikkerhed omkring din betaling.<\/p>\n<p>Vi vil aldrig bede dig om din underskrift eller indtastning af din pinkode. Det vil din kortudbyder til geng\u00e6ld.\u00a0<span style=\"color: #ff0000;\">Verified By VISA, MasterCard SecureCode og Dankort Secured By Nets<\/span> er systemer, der er beregnet til at undg\u00e5 svindel med dine kortoplysninger. Disse er for nyligt blev gjort obligatoriske, og det vil sige at du skal benytte disse, for at kunne gennemf\u00f8re en betaling med VISA, MasterCard hos os. Det er heldigvis nemt og ubesv\u00e6ret at bruge.<\/p>\n<p>Hvis du mod forventning oplever misbrug af dit kortnummer, udl\u00f8bsdato og sikkerhedskode, s\u00e5 kontakt med det samme din bank, som kan hj\u00e6lpe dig med at f\u00e5 dine penge tilbage, samt lukke for yderligere misbrug af kortet.<\/p>\n<p>Har du sp\u00f8rgsm\u00e5l omkring betaling p\u00e5 Yammi.dk, s\u00e5 er du altid meget velkommen til at <a href=\"https:\/\/www.yammi.dk\/takeaway\/kontakt\/\">kontakte os<\/a>.<\/p>\n<\/section>\n<p>[\/vc_column_text][\/vc_column][vc_column width=&#8221;1\/6&#8243;][\/vc_column][\/vc_row]<\/p>\n<\/div>","protected":false},"excerpt":{"rendered":"<p>[vc_row][vc_column width=&#8221;1\/6&#8243;][\/vc_column][vc_column width=&#8221;2\/3&#8243;][vc_column_text] Sikker betaling N\u00e5r du bestiller her p\u00e5 Yammi og \u00f8nsker at betale, s\u00e5 kan du trygt stole p\u00e5 at dine data behandles sikkert. Du kan frit v\u00e6lge mellem et stort udvalg af betalingsmetoder, hvad enten du er til betaling med kort, kontanter eller mobil. Vi tager imod VISA, MasterCard, MobilePay, GooglePay, PayPal, [&hellip;]<\/p>\n","protected":false},"author":1,"featured_media":0,"parent":0,"menu_order":0,"comment_status":"closed","ping_status":"closed","template":"","meta":{"footnotes":""},"class_list":["post-3092","page","type-page","status-publish","hentry"],"yoast_head":"<!-- This site is optimized with the Yoast SEO plugin v23.7 - https:\/\/yoast.com\/wordpress\/plugins\/seo\/ -->\n<title>Sikker betaling p\u00e5 nettet - Yammi Takeaway<\/title>\n<meta name=\"robots\" content=\"noindex, follow, max-snippet:-1, max-image-preview:large, max-video-preview:-1\" \/>\n<meta property=\"og:locale\" content=\"da_DK\" \/>\n<meta property=\"og:type\" content=\"article\" \/>\n<meta property=\"og:title\" content=\"Sikker betaling p\u00e5 nettet - Yammi Takeaway\" \/>\n<meta property=\"og:description\" content=\"[vc_row][vc_column width=&#8221;1\/6&#8243;][\/vc_column][vc_column width=&#8221;2\/3&#8243;][vc_column_text] Sikker betaling N\u00e5r du bestiller her p\u00e5 Yammi og \u00f8nsker at betale, s\u00e5 kan du trygt stole p\u00e5 at dine data behandles sikkert. Du kan frit v\u00e6lge mellem et stort udvalg af betalingsmetoder, hvad enten du er til betaling med kort, kontanter eller mobil. Vi tager imod VISA, MasterCard, MobilePay, GooglePay, PayPal, [&hellip;]\" \/>\n<meta property=\"og:url\" content=\"https:\/\/www.yammi.dk\/takeaway\/sikker-betaling-paa-nettet\/\" \/>\n<meta property=\"og:site_name\" content=\"Yammi Takeaway\" \/>\n<meta property=\"article:modified_time\" content=\"2020-05-26T22:21:49+00:00\" \/>\n<meta name=\"twitter:card\" content=\"summary_large_image\" \/>\n<meta name=\"twitter:label1\" content=\"Estimeret l\u00e6setid\" \/>\n\t<meta name=\"twitter:data1\" content=\"1 minut\" \/>\n<script type=\"application\/ld+json\" class=\"yoast-schema-graph\">{\"@context\":\"https:\/\/schema.org\",\"@graph\":[{\"@type\":\"WebPage\",\"@id\":\"https:\/\/www.yammi.dk\/takeaway\/sikker-betaling-paa-nettet\/\",\"url\":\"https:\/\/www.yammi.dk\/takeaway\/sikker-betaling-paa-nettet\/\",\"name\":\"Sikker betaling p\u00e5 nettet - Yammi Takeaway\",\"isPartOf\":{\"@id\":\"https:\/\/www.yammi.dk\/takeaway\/#website\"},\"datePublished\":\"2020-05-24T11:40:32+00:00\",\"dateModified\":\"2020-05-26T22:21:49+00:00\",\"breadcrumb\":{\"@id\":\"https:\/\/www.yammi.dk\/takeaway\/sikker-betaling-paa-nettet\/#breadcrumb\"},\"inLanguage\":\"da-DK\",\"potentialAction\":[{\"@type\":\"ReadAction\",\"target\":[\"https:\/\/www.yammi.dk\/takeaway\/sikker-betaling-paa-nettet\/\"]}]},{\"@type\":\"BreadcrumbList\",\"@id\":\"https:\/\/www.yammi.dk\/takeaway\/sikker-betaling-paa-nettet\/#breadcrumb\",\"itemListElement\":[{\"@type\":\"ListItem\",\"position\":1,\"name\":\"Hjem\",\"item\":\"https:\/\/www.yammi.dk\/takeaway\/\"},{\"@type\":\"ListItem\",\"position\":2,\"name\":\"Sikker betaling p\u00e5 nettet\"}]},{\"@type\":\"WebSite\",\"@id\":\"https:\/\/www.yammi.dk\/takeaway\/#website\",\"url\":\"https:\/\/www.yammi.dk\/takeaway\/\",\"name\":\"Yammi Takeaway\",\"description\":\"Yammi.dk - Bestil Take Away Mad - Pizza, Burger, Kebab, Sushi og mere\",\"potentialAction\":[{\"@type\":\"SearchAction\",\"target\":{\"@type\":\"EntryPoint\",\"urlTemplate\":\"https:\/\/www.yammi.dk\/takeaway\/?s={search_term_string}\"},\"query-input\":{\"@type\":\"PropertyValueSpecification\",\"valueRequired\":true,\"valueName\":\"search_term_string\"}}],\"inLanguage\":\"da-DK\"}]}<\/script>\n<!-- \/ Yoast SEO plugin. -->","yoast_head_json":{"title":"Sikker betaling p\u00e5 nettet - Yammi Takeaway","robots":{"index":"noindex","follow":"follow","max-snippet":"max-snippet:-1","max-image-preview":"max-image-preview:large","max-video-preview":"max-video-preview:-1"},"og_locale":"da_DK","og_type":"article","og_title":"Sikker betaling p\u00e5 nettet - Yammi Takeaway","og_description":"[vc_row][vc_column width=&#8221;1\/6&#8243;][\/vc_column][vc_column width=&#8221;2\/3&#8243;][vc_column_text] Sikker betaling N\u00e5r du bestiller her p\u00e5 Yammi og \u00f8nsker at betale, s\u00e5 kan du trygt stole p\u00e5 at dine data behandles sikkert. Du kan frit v\u00e6lge mellem et stort udvalg af betalingsmetoder, hvad enten du er til betaling med kort, kontanter eller mobil. Vi tager imod VISA, MasterCard, MobilePay, GooglePay, PayPal, [&hellip;]","og_url":"https:\/\/www.yammi.dk\/takeaway\/sikker-betaling-paa-nettet\/","og_site_name":"Yammi Takeaway","article_modified_time":"2020-05-26T22:21:49+00:00","twitter_card":"summary_large_image","twitter_misc":{"Estimeret l\u00e6setid":"1 minut"},"schema":{"@context":"https:\/\/schema.org","@graph":[{"@type":"WebPage","@id":"https:\/\/www.yammi.dk\/takeaway\/sikker-betaling-paa-nettet\/","url":"https:\/\/www.yammi.dk\/takeaway\/sikker-betaling-paa-nettet\/","name":"Sikker betaling p\u00e5 nettet - Yammi Takeaway","isPartOf":{"@id":"https:\/\/www.yammi.dk\/takeaway\/#website"},"datePublished":"2020-05-24T11:40:32+00:00","dateModified":"2020-05-26T22:21:49+00:00","breadcrumb":{"@id":"https:\/\/www.yammi.dk\/takeaway\/sikker-betaling-paa-nettet\/#breadcrumb"},"inLanguage":"da-DK","potentialAction":[{"@type":"ReadAction","target":["https:\/\/www.yammi.dk\/takeaway\/sikker-betaling-paa-nettet\/"]}]},{"@type":"BreadcrumbList","@id":"https:\/\/www.yammi.dk\/takeaway\/sikker-betaling-paa-nettet\/#breadcrumb","itemListElement":[{"@type":"ListItem","position":1,"name":"Hjem","item":"https:\/\/www.yammi.dk\/takeaway\/"},{"@type":"ListItem","position":2,"name":"Sikker betaling p\u00e5 nettet"}]},{"@type":"WebSite","@id":"https:\/\/www.yammi.dk\/takeaway\/#website","url":"https:\/\/www.yammi.dk\/takeaway\/","name":"Yammi Takeaway","description":"Yammi.dk - Bestil Take Away Mad - Pizza, Burger, Kebab, Sushi og mere","potentialAction":[{"@type":"SearchAction","target":{"@type":"EntryPoint","urlTemplate":"https:\/\/www.yammi.dk\/takeaway\/?s={search_term_string}"},"query-input":{"@type":"PropertyValueSpecification","valueRequired":true,"valueName":"search_term_string"}}],"inLanguage":"da-DK"}]}},"_links":{"self":[{"href":"https:\/\/www.yammi.dk\/takeaway\/wp-json\/wp\/v2\/pages\/3092"}],"collection":[{"href":"https:\/\/www.yammi.dk\/takeaway\/wp-json\/wp\/v2\/pages"}],"about":[{"href":"https:\/\/www.yammi.dk\/takeaway\/wp-json\/wp\/v2\/types\/page"}],"author":[{"embeddable":true,"href":"https:\/\/www.yammi.dk\/takeaway\/wp-json\/wp\/v2\/users\/1"}],"replies":[{"embeddable":true,"href":"https:\/\/www.yammi.dk\/takeaway\/wp-json\/wp\/v2\/comments?post=3092"}],"version-history":[{"count":4,"href":"https:\/\/www.yammi.dk\/takeaway\/wp-json\/wp\/v2\/pages\/3092\/revisions"}],"predecessor-version":[{"id":3343,"href":"https:\/\/www.yammi.dk\/takeaway\/wp-json\/wp\/v2\/pages\/3092\/revisions\/3343"}],"wp:attachment":[{"href":"https:\/\/www.yammi.dk\/takeaway\/wp-json\/wp\/v2\/media?parent=3092"}],"curies":[{"name":"wp","href":"https:\/\/api.w.org\/{rel}","templated":true}]}}